{"id":6,"date":"2021-07-14T09:51:17","date_gmt":"2021-07-14T07:51:17","guid":{"rendered":"http:\/\/zsp1.openworld24.pl\/?page_id=6"},"modified":"2025-04-09T12:40:28","modified_gmt":"2025-04-09T10:40:28","slug":"home","status":"publish","type":"page","link":"https:\/\/zsp1.poznan.pl\/","title":{"rendered":"Home"},"content":{"rendered":"\t\t<div data-elementor-type=\"wp-page\" data-elementor-id=\"6\" class=\"elementor elementor-6\">\n\t\t\t\t\t\t<section class=\"elementor-section elementor-top-section elementor-element elementor-element-d0e1092 elementor-section-height-full elementor-section-items-top elementor-section-boxed elementor-section-height-default\" data-id=\"d0e1092\" data-element_type=\"section\" data-e-type=\"section\" data-settings=\"{&quot;background_background&quot;:&quot;classic&quot;}\">\n\t\t\t\t\t\t\t<div class=\"elementor-background-overlay\"><\/div>\n\t\t\t\t\t\t\t<div class=\"elementor-container elementor-column-gap-default\">\n\t\t\t\t\t<div class=\"elementor-column elementor-col-100 elementor-top-column elementor-element elementor-element-2bdec9d\" data-id=\"2bdec9d\" data-element_type=\"column\" data-e-type=\"column\">\n\t\t\t<div class=\"elementor-widget-wrap elementor-element-populated\">\n\t\t\t\t\t\t<section class=\"elementor-section elementor-inner-section elementor-element elementor-element-3322b59 elementor-section-content-middle elementor-section-boxed elementor-section-height-default elementor-section-height-default\" data-id=\"3322b59\" data-element_type=\"section\" data-e-type=\"section\">\n\t\t\t\t\t\t<div class=\"elementor-container elementor-column-gap-default\">\n\t\t\t\t\t<div class=\"elementor-column elementor-col-25 elementor-inner-column elementor-element elementor-element-1a7a6a8\" data-id=\"1a7a6a8\" data-element_type=\"column\" data-e-type=\"column\">\n\t\t\t<div class=\"elementor-widget-wrap elementor-element-populated\">\n\t\t\t\t\t\t<div class=\"elementor-element elementor-element-be21122 elementor-widget elementor-widget-image\" data-id=\"be21122\" data-element_type=\"widget\" data-e-type=\"widget\" data-widget_type=\"image.default\">\n\t\t\t\t<div class=\"elementor-widget-container\">\n\t\t\t\t\t\t\t\t\t\t\t\t\t\t\t<img fetchpriority=\"high\" decoding=\"async\" width=\"800\" height=\"942\" src=\"https:\/\/zsp1.poznan.pl\/wp-content\/uploads\/2021\/07\/3158px-Herb_Polski.svg-870x1024-1.png\" class=\"attachment-large size-large wp-image-11\" alt=\"\" srcset=\"https:\/\/zsp1.poznan.pl\/wp-content\/uploads\/2021\/07\/3158px-Herb_Polski.svg-870x1024-1.png 870w, https:\/\/zsp1.poznan.pl\/wp-content\/uploads\/2021\/07\/3158px-Herb_Polski.svg-870x1024-1-255x300.png 255w, https:\/\/zsp1.poznan.pl\/wp-content\/uploads\/2021\/07\/3158px-Herb_Polski.svg-870x1024-1-768x904.png 768w\" sizes=\"(max-width: 800px) 100vw, 800px\" \/>\t\t\t\t\t\t\t\t\t\t\t\t\t\t\t<\/div>\n\t\t\t\t<\/div>\n\t\t\t\t\t<\/div>\n\t\t<\/div>\n\t\t\t\t<div class=\"elementor-column elementor-col-25 elementor-inner-column elementor-element elementor-element-c3e004d\" data-id=\"c3e004d\" data-element_type=\"column\" data-e-type=\"column\">\n\t\t\t<div class=\"elementor-widget-wrap elementor-element-populated\">\n\t\t\t\t\t\t<div class=\"elementor-element elementor-element-5600a29 elementor-widget elementor-widget-image\" data-id=\"5600a29\" data-element_type=\"widget\" data-e-type=\"widget\" data-widget_type=\"image.default\">\n\t\t\t\t<div class=\"elementor-widget-container\">\n\t\t\t\t\t\t\t\t\t\t\t\t\t\t\t<img decoding=\"async\" width=\"311\" height=\"354\" src=\"https:\/\/zsp1.poznan.pl\/wp-content\/uploads\/2021\/08\/Bez-nazwy.png\" class=\"attachment-large size-large wp-image-30\" alt=\"\" srcset=\"https:\/\/zsp1.poznan.pl\/wp-content\/uploads\/2021\/08\/Bez-nazwy.png 311w, https:\/\/zsp1.poznan.pl\/wp-content\/uploads\/2021\/08\/Bez-nazwy-264x300.png 264w\" sizes=\"(max-width: 311px) 100vw, 311px\" \/>\t\t\t\t\t\t\t\t\t\t\t\t\t\t\t<\/div>\n\t\t\t\t<\/div>\n\t\t\t\t\t<\/div>\n\t\t<\/div>\n\t\t\t\t<div class=\"elementor-column elementor-col-25 elementor-inner-column elementor-element elementor-element-db5271e\" data-id=\"db5271e\" data-element_type=\"column\" data-e-type=\"column\">\n\t\t\t<div class=\"elementor-widget-wrap elementor-element-populated\">\n\t\t\t\t\t\t<div class=\"elementor-element elementor-element-2d012b6 elementor-widget elementor-widget-image\" data-id=\"2d012b6\" data-element_type=\"widget\" data-e-type=\"widget\" data-widget_type=\"image.default\">\n\t\t\t\t<div class=\"elementor-widget-container\">\n\t\t\t\t\t\t\t\t\t\t\t\t\t\t\t<img decoding=\"async\" width=\"424\" height=\"600\" src=\"https:\/\/zsp1.poznan.pl\/wp-content\/uploads\/2021\/07\/424px-Herb_Poznan.svg_.png\" class=\"attachment-large size-large wp-image-10\" alt=\"\" srcset=\"https:\/\/zsp1.poznan.pl\/wp-content\/uploads\/2021\/07\/424px-Herb_Poznan.svg_.png 424w, https:\/\/zsp1.poznan.pl\/wp-content\/uploads\/2021\/07\/424px-Herb_Poznan.svg_-212x300.png 212w\" sizes=\"(max-width: 424px) 100vw, 424px\" \/>\t\t\t\t\t\t\t\t\t\t\t\t\t\t\t<\/div>\n\t\t\t\t<\/div>\n\t\t\t\t\t<\/div>\n\t\t<\/div>\n\t\t\t\t<div class=\"elementor-column elementor-col-25 elementor-inner-column elementor-element elementor-element-7d78524\" data-id=\"7d78524\" data-element_type=\"column\" data-e-type=\"column\">\n\t\t\t<div class=\"elementor-widget-wrap elementor-element-populated\">\n\t\t\t\t\t\t<div class=\"elementor-element elementor-element-8b90f78 elementor-widget elementor-widget-image\" data-id=\"8b90f78\" data-element_type=\"widget\" data-e-type=\"widget\" data-widget_type=\"image.default\">\n\t\t\t\t<div class=\"elementor-widget-container\">\n\t\t\t\t\t\t\t\t\t\t\t\t\t\t\t\t<a href=\"http:\/\/bip.poznan.pl\/bip\/zespol-szkolno-przedszkolny-nr-1-szkola-podstawowa-nr-35-przedszkole-nr-187,2339\/\">\n\t\t\t\t\t\t\t<img loading=\"lazy\" decoding=\"async\" width=\"207\" height=\"243\" src=\"https:\/\/zsp1.poznan.pl\/wp-content\/uploads\/2021\/07\/pobierz.png\" class=\"attachment-large size-large wp-image-12\" alt=\"\" \/>\t\t\t\t\t\t\t\t<\/a>\n\t\t\t\t\t\t\t\t\t\t\t\t\t\t\t<\/div>\n\t\t\t\t<\/div>\n\t\t\t\t\t<\/div>\n\t\t<\/div>\n\t\t\t\t\t<\/div>\n\t\t<\/section>\n\t\t\t\t<section class=\"elementor-section elementor-inner-section elementor-element elementor-element-0fe4564 elementor-section-boxed elementor-section-height-default elementor-section-height-default\" data-id=\"0fe4564\" data-element_type=\"section\" data-e-type=\"section\">\n\t\t\t\t\t\t<div class=\"elementor-container elementor-column-gap-default\">\n\t\t\t\t\t<div class=\"elementor-column elementor-col-100 elementor-inner-column elementor-element elementor-element-30e9a1b\" data-id=\"30e9a1b\" data-element_type=\"column\" data-e-type=\"column\">\n\t\t\t<div class=\"elementor-widget-wrap elementor-element-populated\">\n\t\t\t\t\t\t<div class=\"elementor-element elementor-element-09042e9 elementor-widget elementor-widget-heading\" data-id=\"09042e9\" data-element_type=\"widget\" data-e-type=\"widget\" data-widget_type=\"heading.default\">\n\t\t\t\t<div class=\"elementor-widget-container\">\n\t\t\t\t\t<h1 class=\"elementor-heading-title elementor-size-default\">Zesp\u00f3\u0142 Szkolno-Przedszkolny nr 1 w Poznaniu<\/h1>\t\t\t\t<\/div>\n\t\t\t\t<\/div>\n\t\t\t\t\t<\/div>\n\t\t<\/div>\n\t\t\t\t\t<\/div>\n\t\t<\/section>\n\t\t\t\t<section class=\"elementor-section elementor-inner-section elementor-element elementor-element-3604e83 elementor-section-boxed elementor-section-height-default elementor-section-height-default\" data-id=\"3604e83\" data-element_type=\"section\" data-e-type=\"section\">\n\t\t\t\t\t\t<div class=\"elementor-container elementor-column-gap-default\">\n\t\t\t\t\t<div class=\"elementor-column elementor-col-50 elementor-inner-column elementor-element elementor-element-25ac9da\" data-id=\"25ac9da\" data-element_type=\"column\" data-e-type=\"column\">\n\t\t\t<div class=\"elementor-widget-wrap elementor-element-populated\">\n\t\t\t\t\t\t<div class=\"elementor-element elementor-element-ba089b0 elementor-widget elementor-widget-image\" data-id=\"ba089b0\" data-element_type=\"widget\" data-e-type=\"widget\" data-widget_type=\"image.default\">\n\t\t\t\t<div class=\"elementor-widget-container\">\n\t\t\t\t\t\t\t\t\t\t\t\t\t\t\t\t<a href=\"https:\/\/sp35.poznan.pl\/\">\n\t\t\t\t\t\t\t<img loading=\"lazy\" decoding=\"async\" width=\"320\" height=\"350\" src=\"https:\/\/zsp1.poznan.pl\/wp-content\/uploads\/2021\/07\/sp351.png\" class=\"elementor-animation-pulse-grow attachment-large size-large wp-image-14\" alt=\"\" srcset=\"https:\/\/zsp1.poznan.pl\/wp-content\/uploads\/2021\/07\/sp351.png 320w, https:\/\/zsp1.poznan.pl\/wp-content\/uploads\/2021\/07\/sp351-274x300.png 274w\" sizes=\"(max-width: 320px) 100vw, 320px\" \/>\t\t\t\t\t\t\t\t<\/a>\n\t\t\t\t\t\t\t\t\t\t\t\t\t\t\t<\/div>\n\t\t\t\t<\/div>\n\t\t\t\t\t<\/div>\n\t\t<\/div>\n\t\t\t\t<div class=\"elementor-column elementor-col-50 elementor-inner-column elementor-element elementor-element-18d4941\" data-id=\"18d4941\" data-element_type=\"column\" data-e-type=\"column\">\n\t\t\t<div class=\"elementor-widget-wrap elementor-element-populated\">\n\t\t\t\t\t\t<div class=\"elementor-element elementor-element-d481363 elementor-widget elementor-widget-image\" data-id=\"d481363\" data-element_type=\"widget\" data-e-type=\"widget\" data-widget_type=\"image.default\">\n\t\t\t\t<div class=\"elementor-widget-container\">\n\t\t\t\t\t\t\t\t\t\t\t\t\t\t\t\t<a href=\"https:\/\/ple187.poznan.pl\/\">\n\t\t\t\t\t\t\t<img loading=\"lazy\" decoding=\"async\" width=\"320\" height=\"350\" src=\"https:\/\/zsp1.poznan.pl\/wp-content\/uploads\/2021\/07\/p1871.png\" class=\"elementor-animation-pulse-grow attachment-large size-large wp-image-13\" alt=\"\" srcset=\"https:\/\/zsp1.poznan.pl\/wp-content\/uploads\/2021\/07\/p1871.png 320w, https:\/\/zsp1.poznan.pl\/wp-content\/uploads\/2021\/07\/p1871-274x300.png 274w\" sizes=\"(max-width: 320px) 100vw, 320px\" \/>\t\t\t\t\t\t\t\t<\/a>\n\t\t\t\t\t\t\t\t\t\t\t\t\t\t\t<\/div>\n\t\t\t\t<\/div>\n\t\t\t\t\t<\/div>\n\t\t<\/div>\n\t\t\t\t\t<\/div>\n\t\t<\/section>\n\t\t\t\t<section class=\"elementor-section elementor-inner-section elementor-element elementor-element-acf7685 elementor-section-boxed elementor-section-height-default elementor-section-height-default\" data-id=\"acf7685\" data-element_type=\"section\" data-e-type=\"section\">\n\t\t\t\t\t\t<div class=\"elementor-container elementor-column-gap-default\">\n\t\t\t\t\t<div class=\"elementor-column elementor-col-100 elementor-inner-column elementor-element elementor-element-6e61563\" data-id=\"6e61563\" data-element_type=\"column\" data-e-type=\"column\">\n\t\t\t<div class=\"elementor-widget-wrap elementor-element-populated\">\n\t\t\t\t\t\t<div class=\"elementor-element elementor-element-365b530 elementor-widget elementor-widget-image\" data-id=\"365b530\" data-element_type=\"widget\" data-e-type=\"widget\" data-widget_type=\"image.default\">\n\t\t\t\t<div class=\"elementor-widget-container\">\n\t\t\t\t\t\t\t\t\t\t\t\t\t\t\t\t<a href=\"http:\/\/www.zs-p1.pl\/wirtualnyspacer\/\">\n\t\t\t\t\t\t\t<img loading=\"lazy\" decoding=\"async\" width=\"150\" height=\"74\" src=\"https:\/\/zsp1.poznan.pl\/wp-content\/uploads\/2021\/08\/wycieczka.png\" class=\"attachment-large size-large wp-image-35\" alt=\"\" \/>\t\t\t\t\t\t\t\t<\/a>\n\t\t\t\t\t\t\t\t\t\t\t\t\t\t\t<\/div>\n\t\t\t\t<\/div>\n\t\t\t\t\t<\/div>\n\t\t<\/div>\n\t\t\t\t\t<\/div>\n\t\t<\/section>\n\t\t\t\t\t<\/div>\n\t\t<\/div>\n\t\t\t\t\t<\/div>\n\t\t<\/section>\n\t\t\t\t<section class=\"elementor-section elementor-top-section elementor-element elementor-element-46a007c elementor-section-content-top elementor-section-boxed elementor-section-height-default elementor-section-height-default\" data-id=\"46a007c\" data-element_type=\"section\" data-e-type=\"section\">\n\t\t\t\t\t\t<div class=\"elementor-container elementor-column-gap-narrow\">\n\t\t\t\t\t<div class=\"elementor-column elementor-col-100 elementor-top-column elementor-element elementor-element-1b271d1\" data-id=\"1b271d1\" data-element_type=\"column\" data-e-type=\"column\">\n\t\t\t<div class=\"elementor-widget-wrap elementor-element-populated\">\n\t\t\t\t\t\t<div class=\"elementor-element elementor-element-9b3c96d elementor-widget elementor-widget-text-editor\" data-id=\"9b3c96d\" data-element_type=\"widget\" data-e-type=\"widget\" data-widget_type=\"text-editor.default\">\n\t\t\t\t<div class=\"elementor-widget-container\">\n\t\t\t\t\t\t\t\t\t<b>Zesp\u00f3\u0142 Szkolno-Przedszkolny nr 1 w Poznaniu<\/b>\nos. W\u0142adys\u0142awa \u0141okietka 104, 61-616 Pozna\u0144. tel. (61) 822-74-31, e-mail: info@zs-p1.pl\n<span style=\"color: #000000;\"><a style=\"color: #000000;\" title=\"Zesp\u00f3\u0142 Szkolno-Przedszkolny nr 1 w Poznaniu\" href=\"https:\/\/zsp1.poznan.pl\/\">www.zsp1.poznan.pl<\/a>,\u00a0<a style=\"color: #000000;\" title=\"Szko\u0142a Podstawowa nr 35 w Poznaniu\" href=\"https:\/\/sp35.poznan.pl\/\">www.sp35.poznan.pl<\/a>,\u00a0<a style=\"color: #000000;\" title=\"Przedszkole nr 187 w Poznaniu\" href=\"https:\/\/ple187.poznan.pl\/\">www.ple187.poznan.pl<\/a><\/span>\n<span style=\"color: #000000;\"><a style=\"color: #000000;\" href=\"https:\/\/www.zs-p1.pl\/wp-content\/uploads\/2021\/07\/statut_zsp1.pdf\">Pobierz statut Zespo\u0142u Szkolno-Przedszkolnego nr 1 w Poznaniu<\/a><\/span>\t\t\t\t\t\t\t\t<\/div>\n\t\t\t\t<\/div>\n\t\t\t\t\t<\/div>\n\t\t<\/div>\n\t\t\t\t\t<\/div>\n\t\t<\/section>\n\t\t\t\t<\/div>\n\t\t","protected":false},"excerpt":{"rendered":"<p>Zesp\u00f3\u0142 Szkolno-Przedszkolny nr 1 w Poznaniu Zesp\u00f3\u0142 Szkolno-Przedszkolny nr 1 w Poznaniu os. W\u0142adys\u0142awa \u0141okietka 104, 61-616 Pozna\u0144. tel. (61) 822-74-31, e-mail: info@zs-p1.pl www.zsp1.poznan.pl,\u00a0www.sp35.poznan.pl,\u00a0www.ple187.poznan.pl Pobierz statut Zespo\u0142u Szkolno-Przedszkolnego nr 1 w Poznaniu<\/p>\n","protected":false},"author":1,"featured_media":0,"parent":0,"menu_order":0,"comment_status":"closed","ping_status":"closed","template":"elementor_canvas","meta":{"footnotes":""},"class_list":["post-6","page","type-page","status-publish","hentry"],"_links":{"self":[{"href":"https:\/\/zsp1.poznan.pl\/index.php\/wp-json\/wp\/v2\/pages\/6","targetHints":{"allow":["GET"]}}],"collection":[{"href":"https:\/\/zsp1.poznan.pl\/index.php\/wp-json\/wp\/v2\/pages"}],"about":[{"href":"https:\/\/zsp1.poznan.pl\/index.php\/wp-json\/wp\/v2\/types\/page"}],"author":[{"embeddable":true,"href":"https:\/\/zsp1.poznan.pl\/index.php\/wp-json\/wp\/v2\/users\/1"}],"replies":[{"embeddable":true,"href":"https:\/\/zsp1.poznan.pl\/index.php\/wp-json\/wp\/v2\/comments?post=6"}],"version-history":[{"count":25,"href":"https:\/\/zsp1.poznan.pl\/index.php\/wp-json\/wp\/v2\/pages\/6\/revisions"}],"predecessor-version":[{"id":57,"href":"https:\/\/zsp1.poznan.pl\/index.php\/wp-json\/wp\/v2\/pages\/6\/revisions\/57"}],"wp:attachment":[{"href":"https:\/\/zsp1.poznan.pl\/index.php\/wp-json\/wp\/v2\/media?parent=6"}],"curies":[{"name":"wp","href":"https:\/\/api.w.org\/{rel}","templated":true}]}}